{"id":511,"date":"2025-07-15T07:51:06","date_gmt":"2025-07-15T07:51:06","guid":{"rendered":"https:\/\/www.kivircikyolluk.com\/?post_type=product&#038;p=511"},"modified":"2025-07-15T07:51:07","modified_gmt":"2025-07-15T07:51:07","slug":"buyuk-boy-hosgeldiniz-baskili-kivircik-kapi-onu-paspasi-3","status":"publish","type":"product","link":"https:\/\/www.kivircikyolluk.com\/en\/product\/buyuk-boy-hosgeldiniz-baskili-kivircik-kapi-onu-paspasi-3\/","title":{"rendered":"Large Size Welcome Printed Curly Door Mat"},"content":{"rendered":"<h2>Large Size Welcome Printed Curly Door Mat<\/h2>\n<p>Giving a warm and inviting look to your entrance areas <strong>large size welcome curly door mat<\/strong>is suitable for outdoor use with its aesthetic design and durable material.<\/p>\n<ul>\n<li><strong>Product Size:<\/strong> 80 cm x 60 cm<\/li>\n<li><strong>Thickness:<\/strong> 13 mm<\/li>\n<li><strong>Top Surface:<\/strong> Vinyl curly knitted<\/li>\n<li><strong>Base Type:<\/strong> Outdoor vinyl<\/li>\n<\/ul>\n<h3>Highlights<\/h3>\n<ul>\n<li>Ideal for large entrance areas with its large surface area<\/li>\n<li>Welcomes your guests in style with \u201cWelcome\u201d print<\/li>\n<li>Easy to clean and washable construction<\/li>\n<li>Colorfast and non-flammable vinyl material<\/li>\n<li>Special curly texture that traps dirt<\/li>\n<li>Made in Turkey<\/li>\n<\/ul>\n<p><strong>Large size welcome curly door mat<\/strong>combines elegance and hygiene at the entrances of homes, offices and businesses with its decorative and functional structure.<\/p>","protected":false},"excerpt":{"rendered":"<p><strong>Large size welcome curly door mat<\/strong>, 80&#215;60 cm \u00f6l\u00e7\u00fcs\u00fc ve 13 mm kal\u0131nl\u0131\u011f\u0131 ile geni\u015f ve estetik bir kar\u015f\u0131lama sunar. Kolay temizlenen, y\u0131kanabilir ve solmaz vinil yap\u0131s\u0131yla uzun \u00f6m\u00fcrl\u00fcd\u00fcr.<\/p>","protected":false},"featured_media":498,"comment_status":"open","ping_status":"closed","template":"","meta":[],"product_brand":[],"product_cat":[27],"product_tag":[],"class_list":{"0":"post-511","1":"product","2":"type-product","3":"status-publish","4":"has-post-thumbnail","6":"product_cat-kapi-onu-paspasi","8":"first","9":"instock","10":"shipping-taxable","11":"product-type-simple"},"aioseo_notices":[],"_links":{"self":[{"href":"https:\/\/www.kivircikyolluk.com\/en\/wp-json\/wp\/v2\/product\/511","targetHints":{"allow":["GET"]}}],"collection":[{"href":"https:\/\/www.kivircikyolluk.com\/en\/wp-json\/wp\/v2\/product"}],"about":[{"href":"https:\/\/www.kivircikyolluk.com\/en\/wp-json\/wp\/v2\/types\/product"}],"replies":[{"embeddable":true,"href":"https:\/\/www.kivircikyolluk.com\/en\/wp-json\/wp\/v2\/comments?post=511"}],"wp:featuredmedia":[{"embeddable":true,"href":"https:\/\/www.kivircikyolluk.com\/en\/wp-json\/wp\/v2\/media\/498"}],"wp:attachment":[{"href":"https:\/\/www.kivircikyolluk.com\/en\/wp-json\/wp\/v2\/media?parent=511"}],"wp:term":[{"taxonomy":"product_brand","embeddable":true,"href":"https:\/\/www.kivircikyolluk.com\/en\/wp-json\/wp\/v2\/product_brand?post=511"},{"taxonomy":"product_cat","embeddable":true,"href":"https:\/\/www.kivircikyolluk.com\/en\/wp-json\/wp\/v2\/product_cat?post=511"},{"taxonomy":"product_tag","embeddable":true,"href":"https:\/\/www.kivircikyolluk.com\/en\/wp-json\/wp\/v2\/product_tag?post=511"}],"curies":[{"name":"wp","href":"https:\/\/api.w.org\/{rel}","templated":true}]}}