{"id":508,"date":"2025-07-15T07:45:46","date_gmt":"2025-07-15T07:45:46","guid":{"rendered":"https:\/\/www.kivircikyolluk.com\/?post_type=product&#038;p=508"},"modified":"2025-07-15T07:45:46","modified_gmt":"2025-07-15T07:45:46","slug":"eczane-logolu-kapi-onu-kivircik-paspas","status":"publish","type":"product","link":"https:\/\/www.kivircikyolluk.com\/en\/product\/eczane-logolu-kapi-onu-kivircik-paspas\/","title":{"rendered":"Door Front Curly Doormat with Pharmacy Logo"},"content":{"rendered":"<h2>Door Front Curly Doormat with Pharmacy Logo<\/h2>\n<p><strong>Curly doormat in front of the door with pharmacy logo<\/strong>provides a professional touch to pharmacy entrances by offering both a stylish and hygienic solution. It is long-lasting and durable thanks to its quality vinyl material.<\/p>\n<ul>\n<li><strong>Product Size:<\/strong> 60 cm x 80 cm<\/li>\n<li><strong>Thickness:<\/strong> 5 mm<\/li>\n<li><strong>Top Surface:<\/strong> Vinyl curly knitted<\/li>\n<li><strong>Base Type:<\/strong> Outdoor vinyl<\/li>\n<\/ul>\n<h3>Highlights<\/h3>\n<ul>\n<li>Non-flammable and colorfast construction<\/li>\n<li>Easy to clean and washable surface<\/li>\n<li>Special curly texture that traps dirt<\/li>\n<li>Pharmacy logo with a corporate look<\/li>\n<li>Quality materials made in Turkey<\/li>\n<\/ul>\n<p><strong>Curly doormat in front of the door with pharmacy logo<\/strong>, g\u00fcvenli ve estetik bir zemin \u00e7\u00f6z\u00fcm\u00fc sunarak hem personelin hem de m\u00fc\u015fterilerin daha hijyenik bir ortamda hareket etmesini sa\u011flar.<\/p>","protected":false},"excerpt":{"rendered":"<p><strong>Curly doormat in front of the door with pharmacy logo<\/strong>, 60&#215;80 cm \u00f6l\u00e7\u00fcs\u00fc ve 5 mm kal\u0131nl\u0131\u011f\u0131yla eczane giri\u015flerinde hem hijyen hem de kurumsal g\u00f6r\u00fcn\u00fcm sa\u011flar. Y\u0131kanabilir, alev almaz ve renkleri solmaz.<\/p>","protected":false},"featured_media":504,"comment_status":"open","ping_status":"closed","template":"","meta":[],"product_brand":[],"product_cat":[27],"product_tag":[],"class_list":{"0":"post-508","1":"product","2":"type-product","3":"status-publish","4":"has-post-thumbnail","6":"product_cat-kapi-onu-paspasi","8":"first","9":"instock","10":"shipping-taxable","11":"product-type-simple"},"aioseo_notices":[],"_links":{"self":[{"href":"https:\/\/www.kivircikyolluk.com\/en\/wp-json\/wp\/v2\/product\/508","targetHints":{"allow":["GET"]}}],"collection":[{"href":"https:\/\/www.kivircikyolluk.com\/en\/wp-json\/wp\/v2\/product"}],"about":[{"href":"https:\/\/www.kivircikyolluk.com\/en\/wp-json\/wp\/v2\/types\/product"}],"replies":[{"embeddable":true,"href":"https:\/\/www.kivircikyolluk.com\/en\/wp-json\/wp\/v2\/comments?post=508"}],"wp:featuredmedia":[{"embeddable":true,"href":"https:\/\/www.kivircikyolluk.com\/en\/wp-json\/wp\/v2\/media\/504"}],"wp:attachment":[{"href":"https:\/\/www.kivircikyolluk.com\/en\/wp-json\/wp\/v2\/media?parent=508"}],"wp:term":[{"taxonomy":"product_brand","embeddable":true,"href":"https:\/\/www.kivircikyolluk.com\/en\/wp-json\/wp\/v2\/product_brand?post=508"},{"taxonomy":"product_cat","embeddable":true,"href":"https:\/\/www.kivircikyolluk.com\/en\/wp-json\/wp\/v2\/product_cat?post=508"},{"taxonomy":"product_tag","embeddable":true,"href":"https:\/\/www.kivircikyolluk.com\/en\/wp-json\/wp\/v2\/product_tag?post=508"}],"curies":[{"name":"wp","href":"https:\/\/api.w.org\/{rel}","templated":true}]}}