{"id":482,"date":"2025-07-15T07:22:07","date_gmt":"2025-07-15T07:22:07","guid":{"rendered":"https:\/\/www.kivircikyolluk.com\/?post_type=product&#038;p=482"},"modified":"2025-07-17T07:37:14","modified_gmt":"2025-07-17T07:37:14","slug":"kivircik-dis-mekan-merdiven-ve-basamak-paspasi","status":"publish","type":"product","link":"https:\/\/www.kivircikyolluk.com\/en\/product\/kivircik-dis-mekan-merdiven-ve-basamak-paspasi\/","title":{"rendered":"Curly Outdoor Stair and Step Mat"},"content":{"rendered":"<h2>Curly Outdoor Stair and Step Mat<\/h2>\n<p>Specially designed for intensive outdoor use <strong>curly outdoor stair mat<\/strong>Thanks to its non-slip structure, it offers a safe use on stairs and steps.<\/p>\n<ul>\n<li><strong>Thickness:<\/strong> 14mm<\/li>\n<li><strong>Measurements:<\/strong> 30cm x 120 cm<\/li>\n<li><strong>Raw material:<\/strong> Polyvinyl Chloride (PVC)<\/li>\n<li><strong>Weight:<\/strong> 4 kg\/m\u00b2<\/li>\n<li><strong>Installation:<\/strong> Plastic gusset profile with butt break, can be fixed or glued to the floor by screwing<\/li>\n<\/ul>\n<h3>Highlights<\/h3>\n<ul>\n<li>Non-slip surface: Ensures safe walking even in water, snow and ice<\/li>\n<li>Effectively removes dirt and mud from under shoes<\/li>\n<li>Easy to cut, disassemble and assemble<\/li>\n<li>Aesthetic, healthy and decorative design<\/li>\n<li>Comfortable, quiet and safe steps<\/li>\n<\/ul>\n<p>Combining functionality and safety with aesthetics <strong>curly outdoor stair mat<\/strong>prevents accidents on slippery surfaces and offers a stylish look outdoors.<\/p>","protected":false},"excerpt":{"rendered":"<p><strong>K\u0131v\u0131rc\u0131k D\u0131\u015f Mekan Merdiven Paspas\u0131<\/strong>, 14mm kal\u0131nl\u0131\u011f\u0131 ve 30&#215;120 cm \u00f6l\u00e7\u00fcleriyle d\u0131\u015f mekanlarda g\u00fcvenli ad\u0131mlar sa\u011flar. Kaymaz yap\u0131s\u0131, su, kar ve buzda bile maksimum tutu\u015f sunar. Estetik, sessiz ve konforludur.<br \/>\nSilikon ile Basamak \u00fczerine yap\u0131\u015ft\u0131r\u0131l\u0131r.<\/p>","protected":false},"featured_media":481,"comment_status":"open","ping_status":"closed","template":"","meta":[],"product_brand":[],"product_cat":[35],"product_tag":[],"class_list":{"0":"post-482","1":"product","2":"type-product","3":"status-publish","4":"has-post-thumbnail","6":"product_cat-merdiven-ve-basamak-paspasi","8":"first","9":"instock","10":"shipping-taxable","11":"product-type-simple"},"aioseo_notices":[],"_links":{"self":[{"href":"https:\/\/www.kivircikyolluk.com\/en\/wp-json\/wp\/v2\/product\/482","targetHints":{"allow":["GET"]}}],"collection":[{"href":"https:\/\/www.kivircikyolluk.com\/en\/wp-json\/wp\/v2\/product"}],"about":[{"href":"https:\/\/www.kivircikyolluk.com\/en\/wp-json\/wp\/v2\/types\/product"}],"replies":[{"embeddable":true,"href":"https:\/\/www.kivircikyolluk.com\/en\/wp-json\/wp\/v2\/comments?post=482"}],"wp:featuredmedia":[{"embeddable":true,"href":"https:\/\/www.kivircikyolluk.com\/en\/wp-json\/wp\/v2\/media\/481"}],"wp:attachment":[{"href":"https:\/\/www.kivircikyolluk.com\/en\/wp-json\/wp\/v2\/media?parent=482"}],"wp:term":[{"taxonomy":"product_brand","embeddable":true,"href":"https:\/\/www.kivircikyolluk.com\/en\/wp-json\/wp\/v2\/product_brand?post=482"},{"taxonomy":"product_cat","embeddable":true,"href":"https:\/\/www.kivircikyolluk.com\/en\/wp-json\/wp\/v2\/product_cat?post=482"},{"taxonomy":"product_tag","embeddable":true,"href":"https:\/\/www.kivircikyolluk.com\/en\/wp-json\/wp\/v2\/product_tag?post=482"}],"curies":[{"name":"wp","href":"https:\/\/api.w.org\/{rel}","templated":true}]}}